{"id":3,"date":"2021-06-30T16:38:05","date_gmt":"2021-06-30T16:38:05","guid":{"rendered":"http:\/\/puntaeste.life\/corporativo\/?page_id=3"},"modified":"2021-07-08T17:15:46","modified_gmt":"2021-07-08T17:15:46","slug":"politica-privacidad","status":"publish","type":"page","link":"https:\/\/puntaeste.life\/corporativo\/politica-privacidad\/","title":{"rendered":"Pol\u00edtica de privacidad"},"content":{"rendered":"\n<p>Construcciones Industriales HYA, S.A. de C.V. (Hermosillo Desarrollos) con domicilio en Francisco I. Madero 883 Segunda Secci\u00f3n. C.P. 21100, Mexicali, Baja California, es responsable de recabar sus datos personales, del uso que se le den a los mismos y de su protecci\u00f3n.<\/p>\n\n\n\n<h2 class=\"wp-block-heading\"><strong>Su informaci\u00f3n personal ser\u00e1 utilizada para:<\/strong><\/h2>\n\n\n\n<p><br>Realizar gestiones necesarias para que usted se informe sobre el lanzamiento de nuestros nuevos productos, avisos y\/o mensajes promocionales; realizar encuestas; estad\u00edsticas; estudios de mercado sobre h\u00e1bitos de consumo, intereses y comportamiento; evaluar la calidad de nuestros servicios y productos; y en general para cualquier actividad encaminada a promover, mantener, mejorar y evaluar nuestros productos.<\/p>\n\n\n\n<h2 class=\"wp-block-heading\"><strong>Para llevar a cabo las actividades descritas en el presente aviso de privacidad, utilizaremos los siguientes datos personales:<\/strong><\/h2>\n\n\n\n<p><br>Nombre completo, correo electr\u00f3nico y un n\u00famero telef\u00f3nico donde podamos contactarlo. Punta Este, para cumplir con las finalidades que se mencionan a continuaci\u00f3n, no recaba ni trata datos personales sensibles.<\/p>\n\n\n\n<h2 class=\"wp-block-heading\"><strong>Usted tiene derecho de acceder, rectificar y cancelar sus datos personales<\/strong><\/h2>\n\n\n\n<p><br>As\u00ed como de oponerse al tratamiento de los mismos o revocar el consentimiento que para tal fin nos haya otorgado, a trav\u00e9s de los procedimientos que hemos implementado. Para conocer dichos procedimientos, los requisitos y plazos, se puede poner en contacto con nuestro departamento de datos personales ubicado en Calzada Cetys 2770, Colonia Rivera, 21254 Mexicali, B.C; o comunic\u00e1ndose al tel\u00e9fono 686-551-9888.<\/p>\n\n\n\n<p>Si usted desea dejar de recibir mensajes promocionales de nuestra parte puede solicitarlo a trav\u00e9s de 686 551 9888 Calzada Cetys 2770, Colonia Rivera, 21254 Mexicali, Baja California.<\/p>\n\n\n\n<p>Fecha \u00faltima actualizaci\u00f3n 04 de Julio del a\u00f1o 2018<\/p>\n","protected":false},"excerpt":{"rendered":"<p>Construcciones Industriales HYA, S.A. de C.V. (Hermosillo Desarrollos) con domicilio en Francisco I. Madero 883 Segunda Secci\u00f3n. C.P. 21100, Mexicali, Baja California, es responsable de recabar sus datos personales, del uso que se le den a los mismos y de su protecci\u00f3n. Su informaci\u00f3n personal ser\u00e1 utilizada para: Realizar gestiones necesarias para que usted se [&hellip;]<\/p>\n","protected":false},"author":1,"featured_media":0,"parent":0,"menu_order":0,"comment_status":"closed","ping_status":"open","template":"politica-privacidad.php","meta":{"inline_featured_image":false,"footnotes":""},"acf":[],"yoast_head":"<!-- This site is optimized with the Yoast SEO plugin v19.0 - https:\/\/yoast.com\/wordpress\/plugins\/seo\/ -->\n<title>Pol\u00edtica de privacidad - Punta Este Corporativo<\/title>\n<meta name=\"robots\" content=\"index, follow, max-snippet:-1, max-image-preview:large, max-video-preview:-1\" \/>\n<link rel=\"canonical\" href=\"https:\/\/puntaeste.life\/corporativo\/politica-privacidad\/\" \/>\n<meta property=\"og:locale\" content=\"es_MX\" \/>\n<meta property=\"og:type\" content=\"article\" \/>\n<meta property=\"og:title\" content=\"Pol\u00edtica de privacidad - Punta Este Corporativo\" \/>\n<meta property=\"og:description\" content=\"Construcciones Industriales HYA, S.A. de C.V. (Hermosillo Desarrollos) con domicilio en Francisco I. Madero 883 Segunda Secci\u00f3n. C.P. 21100, Mexicali, Baja California, es responsable de recabar sus datos personales, del uso que se le den a los mismos y de su protecci\u00f3n. Su informaci\u00f3n personal ser\u00e1 utilizada para: Realizar gestiones necesarias para que usted se [&hellip;]\" \/>\n<meta property=\"og:url\" content=\"https:\/\/puntaeste.life\/corporativo\/politica-privacidad\/\" \/>\n<meta property=\"og:site_name\" content=\"Punta Este Corporativo\" \/>\n<meta property=\"article:modified_time\" content=\"2021-07-08T17:15:46+00:00\" \/>\n<meta name=\"twitter:card\" content=\"summary_large_image\" \/>\n<meta name=\"twitter:label1\" content=\"Tiempo de lectura\" \/>\n\t<meta name=\"twitter:data1\" content=\"1 minuto\" \/>\n<script type=\"application\/ld+json\" class=\"yoast-schema-graph\">{\"@context\":\"https:\/\/schema.org\",\"@graph\":[{\"@type\":\"WebSite\",\"@id\":\"https:\/\/puntaeste.life\/corporativo\/#website\",\"url\":\"https:\/\/puntaeste.life\/corporativo\/\",\"name\":\"Punta Este Corporativo\",\"description\":\"Un Destino Extraordinario\",\"potentialAction\":[{\"@type\":\"SearchAction\",\"target\":{\"@type\":\"EntryPoint\",\"urlTemplate\":\"https:\/\/puntaeste.life\/corporativo\/?s={search_term_string}\"},\"query-input\":\"required name=search_term_string\"}],\"inLanguage\":\"es\"},{\"@type\":\"WebPage\",\"@id\":\"https:\/\/puntaeste.life\/corporativo\/politica-privacidad\/#webpage\",\"url\":\"https:\/\/puntaeste.life\/corporativo\/politica-privacidad\/\",\"name\":\"Pol\u00edtica de privacidad - Punta Este Corporativo\",\"isPartOf\":{\"@id\":\"https:\/\/puntaeste.life\/corporativo\/#website\"},\"datePublished\":\"2021-06-30T16:38:05+00:00\",\"dateModified\":\"2021-07-08T17:15:46+00:00\",\"breadcrumb\":{\"@id\":\"https:\/\/puntaeste.life\/corporativo\/politica-privacidad\/#breadcrumb\"},\"inLanguage\":\"es\",\"potentialAction\":[{\"@type\":\"ReadAction\",\"target\":[\"https:\/\/puntaeste.life\/corporativo\/politica-privacidad\/\"]}]},{\"@type\":\"BreadcrumbList\",\"@id\":\"https:\/\/puntaeste.life\/corporativo\/politica-privacidad\/#breadcrumb\",\"itemListElement\":[{\"@type\":\"ListItem\",\"position\":1,\"name\":\"Inicio\",\"item\":\"https:\/\/puntaeste.life\/corporativo\/\"},{\"@type\":\"ListItem\",\"position\":2,\"name\":\"Pol\u00edtica de privacidad\"}]}]}<\/script>\n<!-- \/ Yoast SEO plugin. -->","yoast_head_json":{"title":"Pol\u00edtica de privacidad - Punta Este Corporativo","robots":{"index":"index","follow":"follow","max-snippet":"max-snippet:-1","max-image-preview":"max-image-preview:large","max-video-preview":"max-video-preview:-1"},"canonical":"https:\/\/puntaeste.life\/corporativo\/politica-privacidad\/","og_locale":"es_MX","og_type":"article","og_title":"Pol\u00edtica de privacidad - Punta Este Corporativo","og_description":"Construcciones Industriales HYA, S.A. de C.V. (Hermosillo Desarrollos) con domicilio en Francisco I. Madero 883 Segunda Secci\u00f3n. C.P. 21100, Mexicali, Baja California, es responsable de recabar sus datos personales, del uso que se le den a los mismos y de su protecci\u00f3n. Su informaci\u00f3n personal ser\u00e1 utilizada para: Realizar gestiones necesarias para que usted se [&hellip;]","og_url":"https:\/\/puntaeste.life\/corporativo\/politica-privacidad\/","og_site_name":"Punta Este Corporativo","article_modified_time":"2021-07-08T17:15:46+00:00","twitter_card":"summary_large_image","twitter_misc":{"Tiempo de lectura":"1 minuto"},"schema":{"@context":"https:\/\/schema.org","@graph":[{"@type":"WebSite","@id":"https:\/\/puntaeste.life\/corporativo\/#website","url":"https:\/\/puntaeste.life\/corporativo\/","name":"Punta Este Corporativo","description":"Un Destino Extraordinario","potentialAction":[{"@type":"SearchAction","target":{"@type":"EntryPoint","urlTemplate":"https:\/\/puntaeste.life\/corporativo\/?s={search_term_string}"},"query-input":"required name=search_term_string"}],"inLanguage":"es"},{"@type":"WebPage","@id":"https:\/\/puntaeste.life\/corporativo\/politica-privacidad\/#webpage","url":"https:\/\/puntaeste.life\/corporativo\/politica-privacidad\/","name":"Pol\u00edtica de privacidad - Punta Este Corporativo","isPartOf":{"@id":"https:\/\/puntaeste.life\/corporativo\/#website"},"datePublished":"2021-06-30T16:38:05+00:00","dateModified":"2021-07-08T17:15:46+00:00","breadcrumb":{"@id":"https:\/\/puntaeste.life\/corporativo\/politica-privacidad\/#breadcrumb"},"inLanguage":"es","potentialAction":[{"@type":"ReadAction","target":["https:\/\/puntaeste.life\/corporativo\/politica-privacidad\/"]}]},{"@type":"BreadcrumbList","@id":"https:\/\/puntaeste.life\/corporativo\/politica-privacidad\/#breadcrumb","itemListElement":[{"@type":"ListItem","position":1,"name":"Inicio","item":"https:\/\/puntaeste.life\/corporativo\/"},{"@type":"ListItem","position":2,"name":"Pol\u00edtica de privacidad"}]}]}},"_links":{"self":[{"href":"https:\/\/puntaeste.life\/corporativo\/wp-json\/wp\/v2\/pages\/3"}],"collection":[{"href":"https:\/\/puntaeste.life\/corporativo\/wp-json\/wp\/v2\/pages"}],"about":[{"href":"https:\/\/puntaeste.life\/corporativo\/wp-json\/wp\/v2\/types\/page"}],"author":[{"embeddable":true,"href":"https:\/\/puntaeste.life\/corporativo\/wp-json\/wp\/v2\/users\/1"}],"replies":[{"embeddable":true,"href":"https:\/\/puntaeste.life\/corporativo\/wp-json\/wp\/v2\/comments?post=3"}],"version-history":[{"count":6,"href":"https:\/\/puntaeste.life\/corporativo\/wp-json\/wp\/v2\/pages\/3\/revisions"}],"predecessor-version":[{"id":112,"href":"https:\/\/puntaeste.life\/corporativo\/wp-json\/wp\/v2\/pages\/3\/revisions\/112"}],"wp:attachment":[{"href":"https:\/\/puntaeste.life\/corporativo\/wp-json\/wp\/v2\/media?parent=3"}],"curies":[{"name":"wp","href":"https:\/\/api.w.org\/{rel}","templated":true}]}}